{"id":23,"date":"2022-06-13T14:13:17","date_gmt":"2022-06-13T14:13:17","guid":{"rendered":"https:\/\/ti-c.de\/?page_id=23"},"modified":"2024-03-08T13:12:43","modified_gmt":"2024-03-08T13:12:43","slug":"ueber-uns","status":"publish","type":"page","link":"https:\/\/ti-c.de\/index.php\/ueber-uns\/","title":{"rendered":"\u00dcber uns"},"content":{"rendered":"\n<h2 class=\"wp-block-heading has-text-align-center\" style=\"font-size:30px;font-style:normal;font-weight:600\">TI-C.de \u2013 Textile Innovations-Consulting<\/h2>\n\n\n\n<div style=\"height:37px\" aria-hidden=\"true\" class=\"wp-block-spacer\"><\/div>\n\n\n\n<p style=\"font-size:20px\">Mein Name ist Ivan Trenkle, und ich stehe stolz an der Spitze eines Unternehmens, das sich seit 1999 auf die Herstellung und den Vertrieb individueller Funktions-Sportbekleidung spezialisiert hat.<\/p>\n\n\n\n<p style=\"font-size:20px\">Mit 25 Jahren Erfahrung in der Branche sind wir Experten im Bereich Radsport- und Laufsportbekleidung. Unsere Leidenschaft gilt nicht nur aktiven Einzelsportlern, sondern auch Clubs, Veranstaltern, Firmen und Freizeitsportlern, die nach hochwertiger, individuell gestalteter Sportbekleidung suchen \u2013 sei es ein einzigartiges Design f\u00fcr Ihr Team, Ihr Unternehmen oder Ihre pers\u00f6nlichen Bed\u00fcrfnisse.<\/p>\n\n\n\n<p style=\"font-size:20px\">Unsere Reise begann mit der Gr\u00fcndung von &#8222;ACTON-SPORTS&#8220; im Jahr 1999, dessen Marke wir 2017 weitergegeben haben. Seitdem haben wir uns mit unserer eigenen Produktionsfirma, &#8222;CUSSPO&#8220;, darauf konzentriert, die Herstellung unserer Produkte noch weiter zu perfektionieren.<\/p>\n\n\n\n<p style=\"font-size:20px\">Unser Erfolg gr\u00fcndet sich auf Vertrauen, Qualit\u00e4t und Erfahrung. Wir wissen, worauf es ankommt, und organisieren jeden Schritt mit h\u00f6chster Pr\u00e4zision. Wir laden Sie ein, die Welt von TI-C.de zu entdecken, wo Innovation auf Tradition trifft.<\/p>\n\n\n\n<p style=\"font-size:20px\">Mit sportlichen Gr\u00fc\u00dfen,<br>Ivan Trenkle<\/p>\n\n\n\n<div style=\"height:18px\" aria-hidden=\"true\" class=\"wp-block-spacer\"><\/div>\n\n\n\n<h2 class=\"wp-block-heading has-text-align-center has-medium-font-size\" style=\"font-style:normal;font-weight:400\">Welche textile Pl\u00e4ne Sie auch immer haben \u2013 gerne begleiten wir Sie auf dem Weg von der ersten Idee bis zur Umsetzung Ihrer Bekleidungsserie.<\/h2>\n","protected":false},"excerpt":{"rendered":"<p>TI-C.de \u2013 Textile Innovations-Consulting Mein Name ist Ivan Trenkle, und ich stehe stolz an der Spitze eines Unternehmens, das sich seit 1999 auf die Herstellung und den Vertrieb individueller Funktions-Sportbekleidung spezialisiert hat. Mit 25 Jahren Erfahrung in der Branche sind wir Experten im Bereich Radsport- und Laufsportbekleidung. Unsere Leidenschaft gilt nicht nur aktiven Einzelsportlern, sondern [&hellip;]<\/p>\n","protected":false},"author":1,"featured_media":0,"parent":0,"menu_order":2,"comment_status":"closed","ping_status":"closed","template":"","meta":{"_uag_custom_page_level_css":"","site-sidebar-layout":"default","site-content-layout":"","ast-site-content-layout":"default","site-content-style":"default","site-sidebar-style":"default","ast-global-header-display":"","ast-banner-title-visibility":"","ast-main-header-display":"","ast-hfb-above-header-display":"","ast-hfb-below-header-display":"","ast-hfb-mobile-header-display":"","site-post-title":"disabled","ast-breadcrumbs-content":"","ast-featured-img":"","footer-sml-layout":"","ast-disable-related-posts":"","theme-transparent-header-meta":"","adv-header-id-meta":"","stick-header-meta":"","header-above-stick-meta":"","header-main-stick-meta":"","header-below-stick-meta":"","astra-migrate-meta-layouts":"set","ast-page-background-enabled":"default","ast-page-background-meta":{"desktop":{"background-color":"var(--ast-global-color-4)","background-image":"","background-repeat":"repeat","background-position":"center center","background-size":"auto","background-attachment":"scroll","background-type":"","background-media":"","overlay-type":"","overlay-color":"","overlay-opacity":"","overlay-gradient":""},"tablet":{"background-color":"","background-image":"","background-repeat":"repeat","background-position":"center center","background-size":"auto","background-attachment":"scroll","background-type":"","background-media":"","overlay-type":"","overlay-color":"","overlay-opacity":"","overlay-gradient":""},"mobile":{"background-color":"","background-image":"","background-repeat":"repeat","background-position":"center center","background-size":"auto","background-attachment":"scroll","background-type":"","background-media":"","overlay-type":"","overlay-color":"","overlay-opacity":"","overlay-gradient":""}},"ast-content-background-meta":{"desktop":{"background-color":"var(--ast-global-color-5)","background-image":"","background-repeat":"repeat","background-position":"center center","background-size":"auto","background-attachment":"scroll","background-type":"","background-media":"","overlay-type":"","overlay-color":"","overlay-opacity":"","overlay-gradient":""},"tablet":{"background-color":"var(--ast-global-color-5)","background-image":"","background-repeat":"repeat","background-position":"center center","background-size":"auto","background-attachment":"scroll","background-type":"","background-media":"","overlay-type":"","overlay-color":"","overlay-opacity":"","overlay-gradient":""},"mobile":{"background-color":"var(--ast-global-color-5)","background-image":"","background-repeat":"repeat","background-position":"center center","background-size":"auto","background-attachment":"scroll","background-type":"","background-media":"","overlay-type":"","overlay-color":"","overlay-opacity":"","overlay-gradient":""}},"footnotes":""},"jetpack_sharing_enabled":true,"uagb_featured_image_src":{"full":false,"thumbnail":false,"medium":false,"medium_large":false,"large":false,"1536x1536":false,"2048x2048":false},"uagb_author_info":{"display_name":"admin","author_link":"https:\/\/ti-c.de\/index.php\/author\/wp_admin\/"},"uagb_comment_info":0,"uagb_excerpt":"TI-C.de \u2013 Textile Innovations-Consulting Mein Name ist Ivan Trenkle, und ich stehe stolz an der Spitze eines Unternehmens, das sich seit 1999 auf die Herstellung und den Vertrieb individueller Funktions-Sportbekleidung spezialisiert hat. Mit 25 Jahren Erfahrung in der Branche sind wir Experten im Bereich Radsport- und Laufsportbekleidung. Unsere Leidenschaft gilt nicht nur aktiven Einzelsportlern, sondern&hellip;","_links":{"self":[{"href":"https:\/\/ti-c.de\/index.php\/wp-json\/wp\/v2\/pages\/23"}],"collection":[{"href":"https:\/\/ti-c.de\/index.php\/wp-json\/wp\/v2\/pages"}],"about":[{"href":"https:\/\/ti-c.de\/index.php\/wp-json\/wp\/v2\/types\/page"}],"author":[{"embeddable":true,"href":"https:\/\/ti-c.de\/index.php\/wp-json\/wp\/v2\/users\/1"}],"replies":[{"embeddable":true,"href":"https:\/\/ti-c.de\/index.php\/wp-json\/wp\/v2\/comments?post=23"}],"version-history":[{"count":6,"href":"https:\/\/ti-c.de\/index.php\/wp-json\/wp\/v2\/pages\/23\/revisions"}],"predecessor-version":[{"id":98,"href":"https:\/\/ti-c.de\/index.php\/wp-json\/wp\/v2\/pages\/23\/revisions\/98"}],"wp:attachment":[{"href":"https:\/\/ti-c.de\/index.php\/wp-json\/wp\/v2\/media?parent=23"}],"curies":[{"name":"wp","href":"https:\/\/api.w.org\/{rel}","templated":true}]}}